{"id":10,"date":"2021-03-01T15:01:00","date_gmt":"2021-03-01T15:01:00","guid":{"rendered":"https:\/\/golfklubcz.rs\/?page_id=10"},"modified":"2021-03-21T19:50:06","modified_gmt":"2021-03-21T19:50:06","slug":"home","status":"publish","type":"page","link":"https:\/\/golfklubcz.rs\/","title":{"rendered":"Vizija na\u0161eg kluba:"},"content":{"rendered":"\n<p><\/p>\n\n\n\n<p><\/p>\n\n\n\n<div class=\"wp-block-columns is-layout-flex wp-container-core-columns-is-layout-9d6595d7 wp-block-columns-is-layout-flex\">\n<div class=\"wp-block-column is-layout-flow wp-block-column-is-layout-flow\" style=\"flex-basis:100%\">\n<ul class=\"has-background has-medium-font-size wp-block-list\" style=\"background-color:#dbdbdb\"><li><em><strong>Afirmacija duha olimpizma,<\/strong><\/em><\/li><li><em><strong>Koncepcija fer pleja,<\/strong><\/em><\/li><li><em><strong>Unapre\u0111enje vaspitno-obrazovnog stru\u010dnog rada u sportu,<\/strong><\/em><\/li><li><em><strong>Podsticanje i negovanje dobrovoljnog rada u sportu,<\/strong><\/em><\/li><li><em><strong>Borba protiv la\u017eiranja,<\/strong><\/em><\/li><li><em><strong>Suzbijanje nasilja i dopinga u sportu<\/strong><\/em><\/li><\/ul>\n<\/div>\n<\/div>\n\n\n\n<p class=\"has-drop-cap\"><\/p>\n","protected":false},"excerpt":{"rendered":"<p>Afirmacija duha olimpizma, Koncepcija fer pleja, Unapre\u0111enje vaspitno-obrazovnog stru\u010dnog rada u sportu, Podsticanje i negovanje dobrovoljnog rada u sportu, Borba protiv la\u017eiranja, Suzbijanje nasilja i dopinga u sportu<\/p>\n","protected":false},"author":1,"featured_media":0,"parent":0,"menu_order":0,"comment_status":"closed","ping_status":"closed","template":"","meta":{"footnotes":""},"class_list":["post-10","page","type-page","status-publish","hentry"],"_links":{"self":[{"href":"https:\/\/golfklubcz.rs\/index.php\/wp-json\/wp\/v2\/pages\/10","targetHints":{"allow":["GET"]}}],"collection":[{"href":"https:\/\/golfklubcz.rs\/index.php\/wp-json\/wp\/v2\/pages"}],"about":[{"href":"https:\/\/golfklubcz.rs\/index.php\/wp-json\/wp\/v2\/types\/page"}],"author":[{"embeddable":true,"href":"https:\/\/golfklubcz.rs\/index.php\/wp-json\/wp\/v2\/users\/1"}],"replies":[{"embeddable":true,"href":"https:\/\/golfklubcz.rs\/index.php\/wp-json\/wp\/v2\/comments?post=10"}],"version-history":[{"count":10,"href":"https:\/\/golfklubcz.rs\/index.php\/wp-json\/wp\/v2\/pages\/10\/revisions"}],"predecessor-version":[{"id":91,"href":"https:\/\/golfklubcz.rs\/index.php\/wp-json\/wp\/v2\/pages\/10\/revisions\/91"}],"wp:attachment":[{"href":"https:\/\/golfklubcz.rs\/index.php\/wp-json\/wp\/v2\/media?parent=10"}],"curies":[{"name":"wp","href":"https:\/\/api.w.org\/{rel}","templated":true}]}}